{"id":6243,"date":"2023-01-29T18:28:17","date_gmt":"2023-01-29T15:28:17","guid":{"rendered":"https:\/\/brandaft.com\/?page_id=6243"},"modified":"2025-06-19T02:51:54","modified_gmt":"2025-06-18T23:51:54","slug":"content-creation-information-request-form","status":"publish","type":"page","link":"https:\/\/brandaft.com\/en\/content-creation-information-request-form\/","title":{"rendered":"\u0130\u00e7erik \u00dcretimi Bilgi Talep Formu"},"content":{"rendered":"<div data-elementor-type=\"wp-page\" data-elementor-id=\"6243\" class=\"elementor elementor-6243\" data-elementor-post-type=\"page\">\n\t\t\t\t\t\t<section class=\"elementor-section elementor-top-section elementor-element elementor-element-2c04150 elementor-section-boxed elementor-section-height-default elementor-section-height-default\" data-id=\"2c04150\" data-element_type=\"section\" data-e-type=\"section\">\n\t\t\t\t\t\t<div class=\"elementor-container elementor-column-gap-default\">\n\t\t\t\t\t<div class=\"elementor-column elementor-col-100 elementor-top-column elementor-element elementor-element-101d129\" data-id=\"101d129\" data-element_type=\"column\" data-e-type=\"column\" data-settings=\"{&quot;background_background&quot;:&quot;classic&quot;}\">\n\t\t\t<div class=\"elementor-widget-wrap elementor-element-populated\">\n\t\t\t\t\t\t<div class=\"elementor-element elementor-element-cc034e2 elementor-widget elementor-widget-heading\" data-id=\"cc034e2\" data-element_type=\"widget\" data-e-type=\"widget\" data-widget_type=\"heading.default\">\n\t\t\t\t<div class=\"elementor-widget-container\">\n\t\t\t\t\t<h2 class=\"elementor-heading-title elementor-size-large\">\u0130\u00e7erik \u00dcretimi Bilgi Talep Formu<\/h2>\t\t\t\t<\/div>\n\t\t\t\t<\/div>\n\t\t\t\t<div class=\"elementor-element elementor-element-37edfbd elementor-widget elementor-widget-text-editor\" data-id=\"37edfbd\" data-element_type=\"widget\" data-e-type=\"widget\" data-widget_type=\"text-editor.default\">\n\t\t\t\t<div class=\"elementor-widget-container\">\n\t\t\t\t\t\t\t\t\t<p>L\u00fctfen formdaki t\u00fcm gerekli alanlar\u0131 eksiksiz doldurun. Uzmanlar\u0131m\u0131z k\u0131sa s\u00fcre i\u00e7inde sizinle ileti\u015fime ge\u00e7ecek.<\/p>\t\t\t\t\t\t\t\t<\/div>\n\t\t\t\t<\/div>\n\t\t\t\t<div class=\"elementor-element elementor-element-276bb5b elementor-button-align-start elementor-widget elementor-widget-form\" data-id=\"276bb5b\" data-element_type=\"widget\" data-e-type=\"widget\" data-settings=\"{&quot;step_next_label&quot;:&quot;Next&quot;,&quot;step_previous_label&quot;:&quot;Previous&quot;,&quot;button_width&quot;:&quot;100&quot;,&quot;step_type&quot;:&quot;number_text&quot;,&quot;step_icon_shape&quot;:&quot;circle&quot;}\" data-widget_type=\"form.default\">\n\t\t\t\t<div class=\"elementor-widget-container\">\n\t\t\t\t\t\t\t<form class=\"elementor-form\" method=\"post\" name=\"New Form\" aria-label=\"New Form\" action=\"\">\n\t\t\t<input type=\"hidden\" name=\"post_id\" value=\"6243\"\/>\n\t\t\t<input type=\"hidden\" name=\"form_id\" value=\"276bb5b\"\/>\n\t\t\t<input type=\"hidden\" name=\"referer_title\" value=\"\u0130\u00e7erik \u00dcretimi Bilgi Talep Formu | Brandaft Dijital Pazarlama Ajans\u0131\" \/>\n\n\t\t\t\t\t\t\t<input type=\"hidden\" name=\"queried_id\" value=\"6243\"\/>\n\t\t\t\n\t\t\t<div class=\"elementor-form-fields-wrapper elementor-labels-above\">\n\t\t\t\t\t\t\t\t<div class=\"elementor-field-type-text elementor-field-group elementor-column elementor-field-group-name elementor-col-100 elementor-field-required elementor-mark-required\">\n\t\t\t\t\t\t\t\t\t\t\t\t<label for=\"form-field-name\" class=\"elementor-field-label\">\n\t\t\t\t\t\t\t\tAd\u0131n\u0131z ve Soyad\u0131n\u0131z\t\t\t\t\t\t\t<\/label>\n\t\t\t\t\t\t\t\t\t\t\t\t\t\t<input size=\"1\" type=\"text\" name=\"form_fields[name]\" id=\"form-field-name\" class=\"elementor-field elementor-size-sm  elementor-field-textual\" placeholder=\"Name &amp; Surname\" required=\"required\">\n\t\t\t\t\t\t\t\t\t\t\t<\/div>\n\t\t\t\t\t\t\t\t<div class=\"elementor-field-type-email elementor-field-group elementor-column elementor-field-group-email elementor-col-50 elementor-field-required elementor-mark-required\">\n\t\t\t\t\t\t\t\t\t\t\t\t<label for=\"form-field-email\" class=\"elementor-field-label\">\n\t\t\t\t\t\t\t\tEmail\t\t\t\t\t\t\t<\/label>\n\t\t\t\t\t\t\t\t\t\t\t\t\t\t<input size=\"1\" type=\"email\" name=\"form_fields[email]\" id=\"form-field-email\" class=\"elementor-field elementor-size-sm  elementor-field-textual\" placeholder=\"Email\" required=\"required\">\n\t\t\t\t\t\t\t\t\t\t\t<\/div>\n\t\t\t\t\t\t\t\t<div class=\"elementor-field-type-tel elementor-field-group elementor-column elementor-field-group-field_fbdd9e4 elementor-col-50 elementor-field-required elementor-mark-required\">\n\t\t\t\t\t\t\t\t\t\t\t\t<label for=\"form-field-field_fbdd9e4\" class=\"elementor-field-label\">\n\t\t\t\t\t\t\t\t\u0130leti\u015fim Numaras\u0131\t\t\t\t\t\t\t<\/label>\n\t\t\t\t\t\t\t\t<input size=\"1\" type=\"tel\" name=\"form_fields[field_fbdd9e4]\" id=\"form-field-field_fbdd9e4\" class=\"elementor-field elementor-size-sm  elementor-field-textual\" placeholder=\"\u0130leti\u015fim Numaran\u0131z\" required=\"required\" pattern=\"[0-9()#&amp;+*-=.]+\" title=\"Contact Number\">\n\n\t\t\t\t\t\t<\/div>\n\t\t\t\t\t\t\t\t<div class=\"elementor-field-type-text elementor-field-group elementor-column elementor-field-group-field_0655b96 elementor-col-100 elementor-field-required elementor-mark-required\">\n\t\t\t\t\t\t\t\t\t\t\t\t<label for=\"form-field-field_0655b96\" class=\"elementor-field-label\">\n\t\t\t\t\t\t\t\tWeb Adresiniz\t\t\t\t\t\t\t<\/label>\n\t\t\t\t\t\t\t\t\t\t\t\t\t\t<input size=\"1\" type=\"text\" name=\"form_fields[field_0655b96]\" id=\"form-field-field_0655b96\" class=\"elementor-field elementor-size-sm  elementor-field-textual\" placeholder=\"L\u00fctfen web sitenizi buraya girin.\" required=\"required\">\n\t\t\t\t\t\t\t\t\t\t\t<\/div>\n\t\t\t\t\t\t\t\t<div class=\"elementor-field-type-checkbox elementor-field-group elementor-column elementor-field-group-field_4895c9f elementor-col-100\">\n\t\t\t\t\t\t\t\t\t\t\t\t<label for=\"form-field-field_4895c9f\" class=\"elementor-field-label\">\n\t\t\t\t\t\t\t\tHangi Hizmetlere \u0130htiyac\u0131n\u0131z var?\t\t\t\t\t\t\t<\/label>\n\t\t\t\t\t\t<div class=\"elementor-field-subgroup\"><span class=\"elementor-field-option\"><input type=\"checkbox\" value=\"\u0130\u00e7erik Pazarlamas\u0131\" id=\"form-field-field_4895c9f-0\" name=\"form_fields[field_4895c9f][]\"> <label for=\"form-field-field_4895c9f-0\">Content Marketing &amp; Producing<\/label><\/span><span class=\"elementor-field-option\"><input type=\"checkbox\" value=\"\u0130\u00e7erik Stratejisi\" id=\"form-field-field_4895c9f-1\" name=\"form_fields[field_4895c9f][]\"> <label for=\"form-field-field_4895c9f-1\">Content Marketing Strategy<\/label><\/span><span class=\"elementor-field-option\"><input type=\"checkbox\" value=\"Web Sitesi i\u00e7in \u0130\u00e7erik \u00dcretimi\" id=\"form-field-field_4895c9f-2\" name=\"form_fields[field_4895c9f][]\"> <label for=\"form-field-field_4895c9f-2\">Web Sitesi i\u00e7in \u0130\u00e7erik \u00dcretimi<\/label><\/span><span class=\"elementor-field-option\"><input type=\"checkbox\" value=\"Web Sitesi \u0130\u00e7eri\u011fi Planlama\" id=\"form-field-field_4895c9f-3\" name=\"form_fields[field_4895c9f][]\"> <label for=\"form-field-field_4895c9f-3\">Web Sitesi \u0130\u00e7eri\u011fi Planlama<\/label><\/span><span class=\"elementor-field-option\"><input type=\"checkbox\" value=\"PR \u0130\u00e7eri\u011fi &amp; Bas\u0131n B\u00fclteni\" id=\"form-field-field_4895c9f-4\" name=\"form_fields[field_4895c9f][]\"> <label for=\"form-field-field_4895c9f-4\">PR \u0130\u00e7eri\u011fi & Bas\u0131n B\u00fclteni<\/label><\/span><span class=\"elementor-field-option\"><input type=\"checkbox\" value=\"Sosyal Medya \u0130\u00e7erik \u00dcretimi\" id=\"form-field-field_4895c9f-5\" name=\"form_fields[field_4895c9f][]\"> <label for=\"form-field-field_4895c9f-5\">Social Media Content Production<\/label><\/span><span class=\"elementor-field-option\"><input type=\"checkbox\" value=\"Sosyal Medya \u0130\u00e7erik Planlamas\u0131\" id=\"form-field-field_4895c9f-6\" name=\"form_fields[field_4895c9f][]\"> <label for=\"form-field-field_4895c9f-6\">Sosyal Medya \u0130\u00e7erik Planlamas\u0131<\/label><\/span><span class=\"elementor-field-option\"><input type=\"checkbox\" value=\"Landing Page Metni \u00dcretimi\" id=\"form-field-field_4895c9f-7\" name=\"form_fields[field_4895c9f][]\"> <label for=\"form-field-field_4895c9f-7\">Landing Page Metni \u00dcretimi<\/label><\/span><span class=\"elementor-field-option\"><input type=\"checkbox\" value=\"E-Posta \u0130\u00e7erikleri\" id=\"form-field-field_4895c9f-8\" name=\"form_fields[field_4895c9f][]\"> <label for=\"form-field-field_4895c9f-8\">E-Posta \u0130\u00e7erikleri<\/label><\/span><span class=\"elementor-field-option\"><input type=\"checkbox\" value=\"Blog \u0130\u00e7eri\u011fi\" id=\"form-field-field_4895c9f-9\" name=\"form_fields[field_4895c9f][]\"> <label for=\"form-field-field_4895c9f-9\">Blog Content<\/label><\/span><span class=\"elementor-field-option\"><input type=\"checkbox\" value=\"\u0130\u00e7erik Analizi\" id=\"form-field-field_4895c9f-10\" name=\"form_fields[field_4895c9f][]\"> <label for=\"form-field-field_4895c9f-10\">Content Analysis<\/label><\/span><span class=\"elementor-field-option\"><input type=\"checkbox\" value=\"E-Ticaret \u0130\u00e7eri\u011fi (\u00dcr\u00fcn sayfas\u0131, Kategori sayfas\u0131 vb.)\" id=\"form-field-field_4895c9f-11\" name=\"form_fields[field_4895c9f][]\"> <label for=\"form-field-field_4895c9f-11\">E-Ticaret \u0130\u00e7eri\u011fi (\u00dcr\u00fcn sayfas\u0131, Kategori sayfas\u0131 vb.)<\/label><\/span><span class=\"elementor-field-option\"><input type=\"checkbox\" value=\"Whitepaper \/ E-Kitap \/ K\u0131lavuz Yaz\u0131m\u0131\" id=\"form-field-field_4895c9f-12\" name=\"form_fields[field_4895c9f][]\"> <label for=\"form-field-field_4895c9f-12\">Whitepaper \/ E-Book \/ Guide Writing<\/label><\/span><span class=\"elementor-field-option\"><input type=\"checkbox\" value=\"Case Study \/ Ba\u015far\u0131 Hikayesi Yaz\u0131m\u0131\" id=\"form-field-field_4895c9f-13\" name=\"form_fields[field_4895c9f][]\"> <label for=\"form-field-field_4895c9f-13\">Case Study Content<\/label><\/span><\/div>\t\t\t\t<\/div>\n\t\t\t\t\t\t\t\t<div class=\"elementor-field-type-text elementor-field-group elementor-column elementor-field-group-field_58983d4 elementor-col-100 elementor-field-required elementor-mark-required\">\n\t\t\t\t\t\t\t\t\t\t\t\t\t<input size=\"1\" type=\"text\" name=\"form_fields[field_58983d4]\" id=\"form-field-field_58983d4\" class=\"elementor-field elementor-size-sm  elementor-field-textual\" placeholder=\"Please specify your industry.\" required=\"required\">\n\t\t\t\t\t\t\t\t\t\t\t<\/div>\n\t\t\t\t\t\t\t\t<div class=\"elementor-field-type-select elementor-field-group elementor-column elementor-field-group-field_afb41e6 elementor-col-100 elementor-field-required elementor-mark-required\">\n\t\t\t\t\t\t\t\t\t\t\t\t<label for=\"form-field-field_afb41e6\" class=\"elementor-field-label\">\n\t\t\t\t\t\t\t\tAyl\u0131k \u00c7al\u0131\u015fma B\u00fct\u00e7eniz\t\t\t\t\t\t\t<\/label>\n\t\t\t\t\t\t\t\t<div class=\"elementor-field elementor-select-wrapper remove-before\">\n\t\t\t<div class=\"select-caret-down-wrapper\">\n\t\t\t\t<i aria-hidden=\"true\" class=\"eicon-caret-down\"><\/i>\t\t\t<\/div>\n\t\t\t<select name=\"form_fields[field_afb41e6]\" id=\"form-field-field_afb41e6\" class=\"elementor-field-textual elementor-size-sm\" required=\"required\">\n\t\t\t\t\t\t\t\t\t<option value=\"10.000 TL - 15.000 TL\">10.000 TL - 15.000 TL<\/option>\n\t\t\t\t\t\t\t\t\t<option value=\"15.000 TL - 20.000 TL\">15.000 TL - 20.000 TL<\/option>\n\t\t\t\t\t\t\t\t\t<option value=\"20.000 TL - 30.000 TL\">20.000 TL - 30.000 TL<\/option>\n\t\t\t\t\t\t\t\t\t<option value=\"30.000 TL - 40.000 TL\">30.000 TL - 40.000 TL<\/option>\n\t\t\t\t\t\t\t\t\t<option value=\"40.000 TL ve \u00fczeri\">40.000 TL ve \u00fczeri<\/option>\n\t\t\t\t\t\t\t<\/select>\n\t\t<\/div>\n\t\t\t\t\t\t<\/div>\n\t\t\t\t\t\t\t\t<div class=\"elementor-field-type-textarea elementor-field-group elementor-column elementor-field-group-message elementor-col-100\">\n\t\t\t\t\t\t\t\t\t\t\t\t<label for=\"form-field-message\" class=\"elementor-field-label\">\n\t\t\t\t\t\t\t\tBelirtmek istedi\u011finiz mesaj\u0131 yaz\u0131n. \u0130htiya\u00e7lar\u0131n\u0131z hakk\u0131nda bize bilgi verin.\t\t\t\t\t\t\t<\/label>\n\t\t\t\t\t\t<textarea class=\"elementor-field-textual elementor-field  elementor-size-sm\" name=\"form_fields[message]\" id=\"form-field-message\" rows=\"4\" placeholder=\"Mesaj\u0131n\u0131z\u0131 bu b\u00f6l\u00fcme yazabilirsiniz.\"><\/textarea>\t\t\t\t<\/div>\n\t\t\t\t\t\t\t\t<div class=\"elementor-field-type-acceptance elementor-field-group elementor-column elementor-field-group-field_16e2181 elementor-col-100 elementor-field-required elementor-mark-required\">\n\t\t\t\t\t\t\t<div class=\"elementor-field-subgroup\">\n\t\t\t<span class=\"elementor-field-option\">\n\t\t\t\t<input type=\"checkbox\" name=\"form_fields[field_16e2181]\" id=\"form-field-field_16e2181\" class=\"elementor-field elementor-size-sm  elementor-acceptance-field\" required=\"required\">\n\t\t\t\t<label for=\"form-field-field_16e2181\">Verilerimin KVKK kapsam\u0131nda saklanmas\u0131n\u0131 onayl\u0131yorum.<\/label>\t\t\t<\/span>\n\t\t<\/div>\n\t\t\t\t\t\t<\/div>\n\t\t\t\t\t\t\t\t<div class=\"elementor-field-group elementor-column elementor-field-type-submit elementor-col-100 e-form__buttons\">\n\t\t\t\t\t<button class=\"elementor-button elementor-size-sm\" type=\"submit\">\n\t\t\t\t\t\t<span class=\"elementor-button-content-wrapper\">\n\t\t\t\t\t\t\t\t\t\t\t\t\t\t\t\t\t\t\t\t\t\t<span class=\"elementor-button-text\">REQUEST A QUOTE<\/span>\n\t\t\t\t\t\t\t\t\t\t\t\t\t<\/span>\n\t\t\t\t\t<\/button>\n\t\t\t\t<\/div>\n\t\t\t<\/div>\n\t\t<input type=\"hidden\" name=\"trp-form-language\" value=\"en\"\/><\/form>\n\t\t\t\t\t\t<\/div>\n\t\t\t\t<\/div>\n\t\t\t\t\t<\/div>\n\t\t<\/div>\n\t\t\t\t\t<\/div>\n\t\t<\/section>\n\t\t\t\t<\/div>","protected":false},"excerpt":{"rendered":"<p>\u0130\u00e7erik \u00dcretimi Bilgi Talep Formu L\u00fctfen formdaki t\u00fcm gerekli alanlar\u0131 eksiksiz doldurun. Uzmanlar\u0131m\u0131z k\u0131sa s\u00fcre i\u00e7inde sizinle ileti\u015fime ge\u00e7ecek.<\/p>","protected":false},"author":3,"featured_media":0,"parent":0,"menu_order":0,"comment_status":"closed","ping_status":"closed","template":"","meta":{"footnotes":""},"class_list":["post-6243","page","type-page","status-publish","hentry"],"_links":{"self":[{"href":"https:\/\/brandaft.com\/en\/wp-json\/wp\/v2\/pages\/6243","targetHints":{"allow":["GET"]}}],"collection":[{"href":"https:\/\/brandaft.com\/en\/wp-json\/wp\/v2\/pages"}],"about":[{"href":"https:\/\/brandaft.com\/en\/wp-json\/wp\/v2\/types\/page"}],"author":[{"embeddable":true,"href":"https:\/\/brandaft.com\/en\/wp-json\/wp\/v2\/users\/3"}],"replies":[{"embeddable":true,"href":"https:\/\/brandaft.com\/en\/wp-json\/wp\/v2\/comments?post=6243"}],"version-history":[{"count":0,"href":"https:\/\/brandaft.com\/en\/wp-json\/wp\/v2\/pages\/6243\/revisions"}],"wp:attachment":[{"href":"https:\/\/brandaft.com\/en\/wp-json\/wp\/v2\/media?parent=6243"}],"curies":[{"name":"wp","href":"https:\/\/api.w.org\/{rel}","templated":true}]}}