{"id":3039,"date":"2021-07-06T17:19:16","date_gmt":"2021-07-06T17:19:16","guid":{"rendered":"https:\/\/brandaft.com\/?page_id=3039"},"modified":"2025-07-07T23:29:31","modified_gmt":"2025-07-07T20:29:31","slug":"seo-quote-form","status":"publish","type":"page","link":"https:\/\/brandaft.com\/en\/seo-quote-form\/","title":{"rendered":"SEO Proposal Form"},"content":{"rendered":"<div data-elementor-type=\"wp-page\" data-elementor-id=\"3039\" class=\"elementor elementor-3039\" data-elementor-post-type=\"page\">\n\t\t\t\t\t\t<section class=\"elementor-section elementor-top-section elementor-element elementor-element-d92cbdd elementor-section-boxed elementor-section-height-default elementor-section-height-default\" data-id=\"d92cbdd\" data-element_type=\"section\" data-e-type=\"section\">\n\t\t\t\t\t\t<div class=\"elementor-container elementor-column-gap-default\">\n\t\t\t\t\t<div class=\"elementor-column elementor-col-100 elementor-top-column elementor-element elementor-element-1d818ed\" data-id=\"1d818ed\" data-element_type=\"column\" data-e-type=\"column\" data-settings=\"{&quot;background_background&quot;:&quot;classic&quot;}\">\n\t\t\t<div class=\"elementor-widget-wrap elementor-element-populated\">\n\t\t\t\t\t\t<section class=\"elementor-section elementor-inner-section elementor-element elementor-element-e721d8a elementor-section-boxed elementor-section-height-default elementor-section-height-default\" data-id=\"e721d8a\" data-element_type=\"section\" data-e-type=\"section\" data-settings=\"{&quot;background_background&quot;:&quot;classic&quot;}\">\n\t\t\t\t\t\t<div class=\"elementor-container elementor-column-gap-default\">\n\t\t\t\t\t<div class=\"elementor-column elementor-col-100 elementor-inner-column elementor-element elementor-element-c0fbd27\" data-id=\"c0fbd27\" data-element_type=\"column\" data-e-type=\"column\" data-settings=\"{&quot;background_background&quot;:&quot;classic&quot;}\">\n\t\t\t<div class=\"elementor-widget-wrap elementor-element-populated\">\n\t\t\t\t\t\t<div class=\"elementor-element elementor-element-ec05f30 elementor-widget elementor-widget-heading\" data-id=\"ec05f30\" data-element_type=\"widget\" data-e-type=\"widget\" data-widget_type=\"heading.default\">\n\t\t\t\t<div class=\"elementor-widget-container\">\n\t\t\t\t\t<h1 class=\"elementor-heading-title elementor-size-xl\">SEO Proposal Form<\/h1>\t\t\t\t<\/div>\n\t\t\t\t<\/div>\n\t\t\t\t<div class=\"elementor-element elementor-element-6322e28 elementor-widget elementor-widget-heading\" data-id=\"6322e28\" data-element_type=\"widget\" data-e-type=\"widget\" data-widget_type=\"heading.default\">\n\t\t\t\t<div class=\"elementor-widget-container\">\n\t\t\t\t\t<h2 class=\"elementor-heading-title elementor-size-default\">Let\u2019s increase your search traffic and conversion rates.<\/h2>\t\t\t\t<\/div>\n\t\t\t\t<\/div>\n\t\t\t\t<div class=\"elementor-element elementor-element-5cd17df elementor-widget elementor-widget-text-editor\" data-id=\"5cd17df\" data-element_type=\"widget\" data-e-type=\"widget\" data-widget_type=\"text-editor.default\">\n\t\t\t\t<div class=\"elementor-widget-container\">\n\t\t\t\t\t\t\t\t\t<p>Please complete the form in full to receive a proposal. We\u2019ll get back to you as soon as possible.<\/p>\t\t\t\t\t\t\t\t<\/div>\n\t\t\t\t<\/div>\n\t\t\t\t<div class=\"elementor-element elementor-element-31c3ee1 elementor-button-align-start elementor-widget elementor-widget-form\" data-id=\"31c3ee1\" data-element_type=\"widget\" data-e-type=\"widget\" data-settings=\"{&quot;step_next_label&quot;:&quot;Next&quot;,&quot;step_previous_label&quot;:&quot;Previous&quot;,&quot;button_width&quot;:&quot;100&quot;,&quot;step_type&quot;:&quot;number_text&quot;,&quot;step_icon_shape&quot;:&quot;circle&quot;}\" data-widget_type=\"form.default\">\n\t\t\t\t<div class=\"elementor-widget-container\">\n\t\t\t\t\t\t\t<form class=\"elementor-form\" method=\"post\" name=\"SEO TEKL\u0130F\" aria-label=\"SEO TEKL\u0130F\" action=\"\">\n\t\t\t<input type=\"hidden\" name=\"post_id\" value=\"3039\"\/>\n\t\t\t<input type=\"hidden\" name=\"form_id\" value=\"31c3ee1\"\/>\n\t\t\t<input type=\"hidden\" name=\"referer_title\" value=\"SEO Teklif Formu | Brandaft Dijital Pazarlama Ajans\u0131\" \/>\n\n\t\t\t\t\t\t\t<input type=\"hidden\" name=\"queried_id\" value=\"3039\"\/>\n\t\t\t\n\t\t\t<div class=\"elementor-form-fields-wrapper elementor-labels-above\">\n\t\t\t\t\t\t\t\t<div class=\"elementor-field-type-text elementor-field-group elementor-column elementor-field-group-name elementor-col-50 elementor-field-required\">\n\t\t\t\t\t\t\t\t\t\t\t\t\t<input size=\"1\" type=\"text\" name=\"form_fields[name]\" id=\"form-field-name\" class=\"elementor-field elementor-size-sm  elementor-field-textual\" placeholder=\"Name &amp; Surname\" required=\"required\">\n\t\t\t\t\t\t\t\t\t\t\t<\/div>\n\t\t\t\t\t\t\t\t<div class=\"elementor-field-type-email elementor-field-group elementor-column elementor-field-group-email elementor-col-50 elementor-field-required\">\n\t\t\t\t\t\t\t\t\t\t\t\t\t<input size=\"1\" type=\"email\" name=\"form_fields[email]\" id=\"form-field-email\" class=\"elementor-field elementor-size-sm  elementor-field-textual\" placeholder=\"Email\" required=\"required\">\n\t\t\t\t\t\t\t\t\t\t\t<\/div>\n\t\t\t\t\t\t\t\t<div class=\"elementor-field-type-url elementor-field-group elementor-column elementor-field-group-field_90df091 elementor-col-50 elementor-field-required\">\n\t\t\t\t\t\t\t\t\t\t\t\t\t<input size=\"1\" type=\"url\" name=\"form_fields[field_90df091]\" id=\"form-field-field_90df091\" class=\"elementor-field elementor-size-sm  elementor-field-textual\" placeholder=\"Website URL\" required=\"required\">\n\t\t\t\t\t\t\t\t\t\t\t<\/div>\n\t\t\t\t\t\t\t\t<div class=\"elementor-field-type-tel elementor-field-group elementor-column elementor-field-group-field_931b875 elementor-col-50 elementor-field-required\">\n\t\t\t\t\t\t\t<input size=\"1\" type=\"tel\" name=\"form_fields[field_931b875]\" id=\"form-field-field_931b875\" class=\"elementor-field elementor-size-sm  elementor-field-textual\" placeholder=\"\u0130leti\u015fim Numaran\u0131z\" required=\"required\" pattern=\"[0-9()#&amp;+*-=.]+\" title=\"Contact Number\">\n\n\t\t\t\t\t\t<\/div>\n\t\t\t\t\t\t\t\t<div class=\"elementor-field-type-text elementor-field-group elementor-column elementor-field-group-field_11f4ddd elementor-col-100 elementor-field-required\">\n\t\t\t\t\t\t\t\t\t\t\t\t\t<input size=\"1\" type=\"text\" name=\"form_fields[field_11f4ddd]\" id=\"form-field-field_11f4ddd\" class=\"elementor-field elementor-size-sm  elementor-field-textual\" placeholder=\"Please specify your industry.\" required=\"required\">\n\t\t\t\t\t\t\t\t\t\t\t<\/div>\n\t\t\t\t\t\t\t\t<div class=\"elementor-field-type-checkbox elementor-field-group elementor-column elementor-field-group-field_ac2ce0a elementor-col-100\">\n\t\t\t\t\t\t\t\t\t\t\t\t<label for=\"form-field-field_ac2ce0a\" class=\"elementor-field-label\">\n\t\t\t\t\t\t\t\tSelect the services you need\t\t\t\t\t\t\t<\/label>\n\t\t\t\t\t\t<div class=\"elementor-field-subgroup\"><span class=\"elementor-field-option\"><input type=\"checkbox\" value=\"Site i\u00e7i SEO \" id=\"form-field-field_ac2ce0a-0\" name=\"form_fields[field_ac2ce0a][]\"> <label for=\"form-field-field_ac2ce0a-0\">On Page SEO <\/label><\/span><span class=\"elementor-field-option\"><input type=\"checkbox\" value=\"Site d\u0131\u015f\u0131 SEO\" id=\"form-field-field_ac2ce0a-1\" name=\"form_fields[field_ac2ce0a][]\"> <label for=\"form-field-field_ac2ce0a-1\">Off Page SEO<\/label><\/span><span class=\"elementor-field-option\"><input type=\"checkbox\" value=\"Teknik SEO\" id=\"form-field-field_ac2ce0a-2\" name=\"form_fields[field_ac2ce0a][]\"> <label for=\"form-field-field_ac2ce0a-2\">Technical SEO<\/label><\/span><span class=\"elementor-field-option\"><input type=\"checkbox\" value=\"Wordpress SEO\" id=\"form-field-field_ac2ce0a-3\" name=\"form_fields[field_ac2ce0a][]\"> <label for=\"form-field-field_ac2ce0a-3\">Wordpress SEO<\/label><\/span><span class=\"elementor-field-option\"><input type=\"checkbox\" value=\"Backlink kazan\u0131m\u0131 \" id=\"form-field-field_ac2ce0a-4\" name=\"form_fields[field_ac2ce0a][]\"> <label for=\"form-field-field_ac2ce0a-4\">Backlink Building <\/label><\/span><span class=\"elementor-field-option\"><input type=\"checkbox\" value=\"SEO \u0130\u00e7erik \u00fcretimi\" id=\"form-field-field_ac2ce0a-5\" name=\"form_fields[field_ac2ce0a][]\"> <label for=\"form-field-field_ac2ce0a-5\">Content Production<\/label><\/span><span class=\"elementor-field-option\"><input type=\"checkbox\" value=\"Anahtar kelime ara\u015ft\u0131rmas\u0131\" id=\"form-field-field_ac2ce0a-6\" name=\"form_fields[field_ac2ce0a][]\"> <label for=\"form-field-field_ac2ce0a-6\">Keyword Research &amp; Clustering<\/label><\/span><span class=\"elementor-field-option\"><input type=\"checkbox\" value=\"\u0130\u00e7erik Stratejisi Geli\u015ftirme\" id=\"form-field-field_ac2ce0a-7\" name=\"form_fields[field_ac2ce0a][]\"> <label for=\"form-field-field_ac2ce0a-7\">Content Strategy Development :<\/label><\/span><span class=\"elementor-field-option\"><input type=\"checkbox\" value=\"Google Cezas\u0131ndan Kurtulma\" id=\"form-field-field_ac2ce0a-8\" name=\"form_fields[field_ac2ce0a][]\"> <label for=\"form-field-field_ac2ce0a-8\">Goole Penalty Recovery<\/label><\/span><\/div>\t\t\t\t<\/div>\n\t\t\t\t\t\t\t\t<div class=\"elementor-field-type-select elementor-field-group elementor-column elementor-field-group-field_be48e5b elementor-col-100 elementor-field-required\">\n\t\t\t\t\t\t\t\t\t\t\t\t<label for=\"form-field-field_be48e5b\" class=\"elementor-field-label\">\n\t\t\t\t\t\t\t\tSelect a budget\t\t\t\t\t\t\t<\/label>\n\t\t\t\t\t\t\t\t<div class=\"elementor-field elementor-select-wrapper remove-before\">\n\t\t\t<div class=\"select-caret-down-wrapper\">\n\t\t\t\t<i aria-hidden=\"true\" class=\"eicon-caret-down\"><\/i>\t\t\t<\/div>\n\t\t\t<select name=\"form_fields[field_be48e5b]\" id=\"form-field-field_be48e5b\" class=\"elementor-field-textual elementor-size-sm\" required=\"required\">\n\t\t\t\t\t\t\t\t\t<option value=\"10.000 TL - 15.000 TL\">10.000 TL - 15.000 TL<\/option>\n\t\t\t\t\t\t\t\t\t<option value=\"15.000 TL - 20.000 TL\">15.000 TL - 20.000 TL<\/option>\n\t\t\t\t\t\t\t\t\t<option value=\"20.000 TL - 40.000 TL\">20.000 TL - 40.000 TL<\/option>\n\t\t\t\t\t\t\t\t\t<option value=\"40.000 TL - 60.000 TL\">40.000 TL - 60.000 TL<\/option>\n\t\t\t\t\t\t\t\t\t<option value=\"60.000 TL - 80.000 TL\">60.000 TL - 80.000 TL<\/option>\n\t\t\t\t\t\t\t\t\t<option value=\"80.000  TL ve \u00fczeri.\">80.000  TL ve \u00fczeri.<\/option>\n\t\t\t\t\t\t\t<\/select>\n\t\t<\/div>\n\t\t\t\t\t\t<\/div>\n\t\t\t\t\t\t\t\t<div class=\"elementor-field-type-textarea elementor-field-group elementor-column elementor-field-group-message elementor-col-100\">\n\t\t\t\t\t\t\t\t\t\t\t\t<label for=\"form-field-message\" class=\"elementor-field-label\">\n\t\t\t\t\t\t\t\tWrite your message here.\t\t\t\t\t\t\t<\/label>\n\t\t\t\t\t\t<textarea class=\"elementor-field-textual elementor-field  elementor-size-sm\" name=\"form_fields[message]\" id=\"form-field-message\" rows=\"4\" placeholder=\"Enter your message here.\"><\/textarea>\t\t\t\t<\/div>\n\t\t\t\t\t\t\t\t<div class=\"elementor-field-type-acceptance elementor-field-group elementor-column elementor-field-group-field_f4d4175 elementor-col-100 elementor-field-required\">\n\t\t\t\t\t\t\t<div class=\"elementor-field-subgroup\">\n\t\t\t<span class=\"elementor-field-option\">\n\t\t\t\t<input type=\"checkbox\" name=\"form_fields[field_f4d4175]\" id=\"form-field-field_f4d4175\" class=\"elementor-field elementor-size-sm  elementor-acceptance-field\" required=\"required\">\n\t\t\t\t<label for=\"form-field-field_f4d4175\">I consent to the storage and processing of my data in accordance with GDPR.<\/label>\t\t\t<\/span>\n\t\t<\/div>\n\t\t\t\t\t\t<\/div>\n\t\t\t\t\t\t\t\t<div class=\"elementor-field-group elementor-column elementor-field-type-submit elementor-col-100 e-form__buttons\">\n\t\t\t\t\t<button class=\"elementor-button elementor-size-sm\" type=\"submit\">\n\t\t\t\t\t\t<span class=\"elementor-button-content-wrapper\">\n\t\t\t\t\t\t\t\t\t\t\t\t\t\t\t\t\t\t\t\t\t\t<span class=\"elementor-button-text\">REQUEST A QUOTE<\/span>\n\t\t\t\t\t\t\t\t\t\t\t\t\t<\/span>\n\t\t\t\t\t<\/button>\n\t\t\t\t<\/div>\n\t\t\t<\/div>\n\t\t<input type=\"hidden\" name=\"trp-form-language\" value=\"en\"\/><\/form>\n\t\t\t\t\t\t<\/div>\n\t\t\t\t<\/div>\n\t\t\t\t\t<\/div>\n\t\t<\/div>\n\t\t\t\t\t<\/div>\n\t\t<\/section>\n\t\t\t\t\t<\/div>\n\t\t<\/div>\n\t\t\t\t\t<\/div>\n\t\t<\/section>\n\t\t\t\t<\/div>","protected":false},"excerpt":{"rendered":"<p>SEO Teklif Formu Arama trafi\u011finizi ve d\u00f6n\u00fc\u015f oranlar\u0131n\u0131z\u0131 art\u0131ral\u0131m. Teklif almak i\u00e7in formu eksiksiz doldurun. Size en k\u0131sa s\u00fcre i\u00e7erisinde d\u00f6n\u00fc\u015f yapaca\u011f\u0131z.<\/p>","protected":false},"author":3,"featured_media":0,"parent":0,"menu_order":0,"comment_status":"closed","ping_status":"closed","template":"","meta":{"footnotes":""},"class_list":["post-3039","page","type-page","status-publish","hentry"],"_links":{"self":[{"href":"https:\/\/brandaft.com\/en\/wp-json\/wp\/v2\/pages\/3039","targetHints":{"allow":["GET"]}}],"collection":[{"href":"https:\/\/brandaft.com\/en\/wp-json\/wp\/v2\/pages"}],"about":[{"href":"https:\/\/brandaft.com\/en\/wp-json\/wp\/v2\/types\/page"}],"author":[{"embeddable":true,"href":"https:\/\/brandaft.com\/en\/wp-json\/wp\/v2\/users\/3"}],"replies":[{"embeddable":true,"href":"https:\/\/brandaft.com\/en\/wp-json\/wp\/v2\/comments?post=3039"}],"version-history":[{"count":0,"href":"https:\/\/brandaft.com\/en\/wp-json\/wp\/v2\/pages\/3039\/revisions"}],"wp:attachment":[{"href":"https:\/\/brandaft.com\/en\/wp-json\/wp\/v2\/media?parent=3039"}],"curies":[{"name":"wp","href":"https:\/\/api.w.org\/{rel}","templated":true}]}}