{"id":3030,"date":"2021-07-06T17:15:18","date_gmt":"2021-07-06T17:15:18","guid":{"rendered":"https:\/\/brandaft.com\/?page_id=3030"},"modified":"2025-06-19T02:45:25","modified_gmt":"2025-06-18T23:45:25","slug":"digital-marketing-quote-form","status":"publish","type":"page","link":"https:\/\/brandaft.com\/en\/digital-marketing-quote-form\/","title":{"rendered":"Dijital Pazarlama Bilgi Formu"},"content":{"rendered":"<div data-elementor-type=\"wp-page\" data-elementor-id=\"3030\" class=\"elementor elementor-3030\" data-elementor-post-type=\"page\">\n\t\t\t\t\t\t<section class=\"elementor-section elementor-top-section elementor-element elementor-element-2c04150 elementor-section-boxed elementor-section-height-default elementor-section-height-default\" data-id=\"2c04150\" data-element_type=\"section\" data-e-type=\"section\">\n\t\t\t\t\t\t<div class=\"elementor-container elementor-column-gap-default\">\n\t\t\t\t\t<div class=\"elementor-column elementor-col-100 elementor-top-column elementor-element elementor-element-101d129\" data-id=\"101d129\" data-element_type=\"column\" data-e-type=\"column\" data-settings=\"{&quot;background_background&quot;:&quot;classic&quot;}\">\n\t\t\t<div class=\"elementor-widget-wrap elementor-element-populated\">\n\t\t\t\t\t\t<div class=\"elementor-element elementor-element-cc034e2 elementor-widget elementor-widget-heading\" data-id=\"cc034e2\" data-element_type=\"widget\" data-e-type=\"widget\" data-widget_type=\"heading.default\">\n\t\t\t\t<div class=\"elementor-widget-container\">\n\t\t\t\t\t<h2 class=\"elementor-heading-title elementor-size-large\">Dijital Pazarlama Bilgi Formu<\/h2>\t\t\t\t<\/div>\n\t\t\t\t<\/div>\n\t\t\t\t<div class=\"elementor-element elementor-element-37edfbd elementor-widget elementor-widget-text-editor\" data-id=\"37edfbd\" data-element_type=\"widget\" data-e-type=\"widget\" data-widget_type=\"text-editor.default\">\n\t\t\t\t<div class=\"elementor-widget-container\">\n\t\t\t\t\t\t\t\t\t<p>L\u00fctfen formdaki t\u00fcm gerekli alanlar\u0131 eksiksiz doldurun. Uzmanlar\u0131m\u0131z k\u0131sa s\u00fcre i\u00e7inde sizinle ileti\u015fime ge\u00e7ecek.<\/p>\t\t\t\t\t\t\t\t<\/div>\n\t\t\t\t<\/div>\n\t\t\t\t<div class=\"elementor-element elementor-element-276bb5b elementor-button-align-start elementor-widget elementor-widget-form\" data-id=\"276bb5b\" data-element_type=\"widget\" data-e-type=\"widget\" data-settings=\"{&quot;step_next_label&quot;:&quot;Next&quot;,&quot;step_previous_label&quot;:&quot;Previous&quot;,&quot;button_width&quot;:&quot;100&quot;,&quot;step_type&quot;:&quot;number_text&quot;,&quot;step_icon_shape&quot;:&quot;circle&quot;}\" data-widget_type=\"form.default\">\n\t\t\t\t<div class=\"elementor-widget-container\">\n\t\t\t\t\t\t\t<form class=\"elementor-form\" method=\"post\" name=\"Dijital Pazarlama Formu\" aria-label=\"Dijital Pazarlama Formu\" action=\"\">\n\t\t\t<input type=\"hidden\" name=\"post_id\" value=\"3030\"\/>\n\t\t\t<input type=\"hidden\" name=\"form_id\" value=\"276bb5b\"\/>\n\t\t\t<input type=\"hidden\" name=\"referer_title\" value=\"Dijital Pazarlama Bilgi Formu | Brandaft Dijital Pazarlama Ajans\u0131\" \/>\n\n\t\t\t\t\t\t\t<input type=\"hidden\" name=\"queried_id\" value=\"3030\"\/>\n\t\t\t\n\t\t\t<div class=\"elementor-form-fields-wrapper elementor-labels-above\">\n\t\t\t\t\t\t\t\t<div class=\"elementor-field-type-text elementor-field-group elementor-column elementor-field-group-name elementor-col-100 elementor-field-required\">\n\t\t\t\t\t\t\t\t\t\t\t\t\t<input size=\"1\" type=\"text\" name=\"form_fields[name]\" id=\"form-field-name\" class=\"elementor-field elementor-size-sm  elementor-field-textual\" placeholder=\"Name &amp; Surname\" required=\"required\">\n\t\t\t\t\t\t\t\t\t\t\t<\/div>\n\t\t\t\t\t\t\t\t<div class=\"elementor-field-type-email elementor-field-group elementor-column elementor-field-group-email elementor-col-50 elementor-field-required\">\n\t\t\t\t\t\t\t\t\t\t\t\t\t<input size=\"1\" type=\"email\" name=\"form_fields[email]\" id=\"form-field-email\" class=\"elementor-field elementor-size-sm  elementor-field-textual\" placeholder=\"Email\" required=\"required\">\n\t\t\t\t\t\t\t\t\t\t\t<\/div>\n\t\t\t\t\t\t\t\t<div class=\"elementor-field-type-tel elementor-field-group elementor-column elementor-field-group-field_fbdd9e4 elementor-col-50 elementor-field-required\">\n\t\t\t\t\t\t\t<input size=\"1\" type=\"tel\" name=\"form_fields[field_fbdd9e4]\" id=\"form-field-field_fbdd9e4\" class=\"elementor-field elementor-size-sm  elementor-field-textual\" placeholder=\"\u0130leti\u015fim Numaran\u0131z\" required=\"required\" pattern=\"[0-9()#&amp;+*-=.]+\" title=\"Contact Number\">\n\n\t\t\t\t\t\t<\/div>\n\t\t\t\t\t\t\t\t<div class=\"elementor-field-type-url elementor-field-group elementor-column elementor-field-group-field_9798309 elementor-col-100\">\n\t\t\t\t\t\t\t\t\t\t\t\t\t<input size=\"1\" type=\"url\" name=\"form_fields[field_9798309]\" id=\"form-field-field_9798309\" class=\"elementor-field elementor-size-sm  elementor-field-textual\" placeholder=\"Web Siteniz (Varsa)\">\n\t\t\t\t\t\t\t\t\t\t\t<\/div>\n\t\t\t\t\t\t\t\t<div class=\"elementor-field-type-text elementor-field-group elementor-column elementor-field-group-field_58983d4 elementor-col-100 elementor-field-required\">\n\t\t\t\t\t\t\t\t\t\t\t\t\t<input size=\"1\" type=\"text\" name=\"form_fields[field_58983d4]\" id=\"form-field-field_58983d4\" class=\"elementor-field elementor-size-sm  elementor-field-textual\" placeholder=\"Please specify your industry.\" required=\"required\">\n\t\t\t\t\t\t\t\t\t\t\t<\/div>\n\t\t\t\t\t\t\t\t<div class=\"elementor-field-type-text elementor-field-group elementor-column elementor-field-group-field_82c2580 elementor-col-100\">\n\t\t\t\t\t\t\t\t\t\t\t\t<label for=\"form-field-field_82c2580\" class=\"elementor-field-label\">\n\t\t\t\t\t\t\t\tOfisiniz Hangi \u015eehirde Bulunuyor?\t\t\t\t\t\t\t<\/label>\n\t\t\t\t\t\t\t\t\t\t\t\t\t\t<input size=\"1\" type=\"text\" name=\"form_fields[field_82c2580]\" id=\"form-field-field_82c2580\" class=\"elementor-field elementor-size-sm  elementor-field-textual\">\n\t\t\t\t\t\t\t\t\t\t\t<\/div>\n\t\t\t\t\t\t\t\t<div class=\"elementor-field-type-checkbox elementor-field-group elementor-column elementor-field-group-field_dab9477 elementor-col-100\">\n\t\t\t\t\t\t\t\t\t\t\t\t<label for=\"form-field-field_dab9477\" class=\"elementor-field-label\">\n\t\t\t\t\t\t\t\tHangi Hizmetlere \u0130htiyac\u0131n\u0131z Var? (\u00c7oklu se\u00e7ebilirsiniz.)\t\t\t\t\t\t\t<\/label>\n\t\t\t\t\t\t<div class=\"elementor-field-subgroup\"><span class=\"elementor-field-option\"><input type=\"checkbox\" value=\"SEO\" id=\"form-field-field_dab9477-0\" name=\"form_fields[field_dab9477][]\"> <label for=\"form-field-field_dab9477-0\">SEO<\/label><\/span><span class=\"elementor-field-option\"><input type=\"checkbox\" value=\"\u0130\u00e7erik Pazarlamas\u0131\" id=\"form-field-field_dab9477-1\" name=\"form_fields[field_dab9477][]\"> <label for=\"form-field-field_dab9477-1\">Content Marketing &amp; Producing<\/label><\/span><span class=\"elementor-field-option\"><input type=\"checkbox\" value=\"Web (SEO) \u0130\u00e7eri\u011fi \u00dcretimi\" id=\"form-field-field_dab9477-2\" name=\"form_fields[field_dab9477][]\"> <label for=\"form-field-field_dab9477-2\">Web (SEO) \u0130\u00e7eri\u011fi \u00dcretimi<\/label><\/span><span class=\"elementor-field-option\"><input type=\"checkbox\" value=\"Sosyal Medya \u0130\u00e7eri\u011fi \u00dcretimi\" id=\"form-field-field_dab9477-3\" name=\"form_fields[field_dab9477][]\"> <label for=\"form-field-field_dab9477-3\">Sosyal Medya \u0130\u00e7eri\u011fi \u00dcretimi<\/label><\/span><span class=\"elementor-field-option\"><input type=\"checkbox\" value=\"Sosyal Medya Y\u00f6netimi\" id=\"form-field-field_dab9477-4\" name=\"form_fields[field_dab9477][]\"> <label for=\"form-field-field_dab9477-4\">Sosyal Medya Y\u00f6netimi<\/label><\/span><span class=\"elementor-field-option\"><input type=\"checkbox\" value=\"Sosyal Medya Reklamlar\u0131\" id=\"form-field-field_dab9477-5\" name=\"form_fields[field_dab9477][]\"> <label for=\"form-field-field_dab9477-5\">Sosyal Medya Reklamlar\u0131<\/label><\/span><span class=\"elementor-field-option\"><input type=\"checkbox\" value=\"Google Reklamlar\u0131\" id=\"form-field-field_dab9477-6\" name=\"form_fields[field_dab9477][]\"> <label for=\"form-field-field_dab9477-6\">Google Ads<\/label><\/span><span class=\"elementor-field-option\"><input type=\"checkbox\" value=\"Dijital Pazarlama Stratejisi Olu\u015fturma\" id=\"form-field-field_dab9477-7\" name=\"form_fields[field_dab9477][]\"> <label for=\"form-field-field_dab9477-7\">Dijital Pazarlama Stratejisi Olu\u015fturma<\/label><\/span><span class=\"elementor-field-option\"><input type=\"checkbox\" value=\"Data Analiti\u011fi\" id=\"form-field-field_dab9477-8\" name=\"form_fields[field_dab9477][]\"> <label for=\"form-field-field_dab9477-8\">Data Analiti\u011fi<\/label><\/span><span class=\"elementor-field-option\"><input type=\"checkbox\" value=\"Wordpre(Web Tasar\u0131m\u0131, Site Optimizasyonu vb.)\" id=\"form-field-field_dab9477-9\" name=\"form_fields[field_dab9477][]\"> <label for=\"form-field-field_dab9477-9\">Wordpre(Web Tasar\u0131m\u0131, Site Optimizasyonu vb.)<\/label><\/span><span class=\"elementor-field-option\"><input type=\"checkbox\" value=\"E-Posta Pazarlamas\u0131\" id=\"form-field-field_dab9477-10\" name=\"form_fields[field_dab9477][]\"> <label for=\"form-field-field_dab9477-10\">E-Posta Pazarlamas\u0131<\/label><\/span><\/div>\t\t\t\t<\/div>\n\t\t\t\t\t\t\t\t<div class=\"elementor-field-type-text elementor-field-group elementor-column elementor-field-group-field_8f4be15 elementor-col-100\">\n\t\t\t\t\t\t\t\t\t\t\t\t<label for=\"form-field-field_8f4be15\" class=\"elementor-field-label\">\n\t\t\t\t\t\t\t\tKe\u015fif toplant\u0131s\u0131 ister misiniz? L\u00fctfen uygun oldu\u011funuz tarih ve saat aral\u0131\u011f\u0131n\u0131 belirtiniz.\t\t\t\t\t\t\t<\/label>\n\t\t\t\t\t\t\t\t\t\t\t\t\t\t<input size=\"1\" type=\"text\" name=\"form_fields[field_8f4be15]\" id=\"form-field-field_8f4be15\" class=\"elementor-field elementor-size-sm  elementor-field-textual\">\n\t\t\t\t\t\t\t\t\t\t\t<\/div>\n\t\t\t\t\t\t\t\t<div class=\"elementor-field-type-select elementor-field-group elementor-column elementor-field-group-field_afb41e6 elementor-col-100 elementor-field-required\">\n\t\t\t\t\t\t\t\t\t\t\t\t<label for=\"form-field-field_afb41e6\" class=\"elementor-field-label\">\n\t\t\t\t\t\t\t\tL\u00fctfen b\u00fct\u00e7enizi se\u00e7iniz.\t\t\t\t\t\t\t<\/label>\n\t\t\t\t\t\t\t\t<div class=\"elementor-field elementor-select-wrapper remove-before\">\n\t\t\t<div class=\"select-caret-down-wrapper\">\n\t\t\t\t<i aria-hidden=\"true\" class=\"eicon-caret-down\"><\/i>\t\t\t<\/div>\n\t\t\t<select name=\"form_fields[field_afb41e6]\" id=\"form-field-field_afb41e6\" class=\"elementor-field-textual elementor-size-sm\" required=\"required\">\n\t\t\t\t\t\t\t\t\t<option value=\"60.000 TL ve daha fazlas\u0131\">60.000 TL ve daha fazlas\u0131<\/option>\n\t\t\t\t\t\t\t\t\t<option value=\"50.000 TL - 60.000 TL\">50.000 TL - 60.000 TL<\/option>\n\t\t\t\t\t\t\t\t\t<option value=\"30.000 TL - 40.000 TL\">30.000 TL - 40.000 TL<\/option>\n\t\t\t\t\t\t\t\t\t<option value=\"20.000 TL - 30.000 TL\">20.000 TL - 30.000 TL<\/option>\n\t\t\t\t\t\t\t\t\t<option value=\"10.000 TL - 20.000 TL\">10.000 TL - 20.000 TL<\/option>\n\t\t\t\t\t\t\t\t\t<option value=\"\"><\/option>\n\t\t\t\t\t\t\t\t\t<option value=\"\"><\/option>\n\t\t\t\t\t\t\t\t\t<option value=\"\"><\/option>\n\t\t\t\t\t\t\t<\/select>\n\t\t<\/div>\n\t\t\t\t\t\t<\/div>\n\t\t\t\t\t\t\t\t<div class=\"elementor-field-type-textarea elementor-field-group elementor-column elementor-field-group-message elementor-col-100\">\n\t\t\t\t\t<textarea class=\"elementor-field-textual elementor-field  elementor-size-sm\" name=\"form_fields[message]\" id=\"form-field-message\" rows=\"4\" placeholder=\"Mesaj\u0131n\u0131z\u0131 bu b\u00f6l\u00fcme yazabilirsiniz.\"><\/textarea>\t\t\t\t<\/div>\n\t\t\t\t\t\t\t\t<div class=\"elementor-field-type-acceptance elementor-field-group elementor-column elementor-field-group-field_2ca55e4 elementor-col-100 elementor-field-required\">\n\t\t\t\t\t\t\t<div class=\"elementor-field-subgroup\">\n\t\t\t<span class=\"elementor-field-option\">\n\t\t\t\t<input type=\"checkbox\" name=\"form_fields[field_2ca55e4]\" id=\"form-field-field_2ca55e4\" class=\"elementor-field elementor-size-sm  elementor-acceptance-field\" required=\"required\">\n\t\t\t\t<label for=\"form-field-field_2ca55e4\">Verilerimin KVKK kapsam\u0131nda saklanmas\u0131n\u0131 kabul ediyorum.<\/label>\t\t\t<\/span>\n\t\t<\/div>\n\t\t\t\t\t\t<\/div>\n\t\t\t\t\t\t\t\t<div class=\"elementor-field-group elementor-column elementor-field-type-submit elementor-col-100 e-form__buttons\">\n\t\t\t\t\t<button class=\"elementor-button elementor-size-sm\" type=\"submit\">\n\t\t\t\t\t\t<span class=\"elementor-button-content-wrapper\">\n\t\t\t\t\t\t\t\t\t\t\t\t\t\t\t\t\t\t\t\t\t\t<span class=\"elementor-button-text\">REQUEST A QUOTE<\/span>\n\t\t\t\t\t\t\t\t\t\t\t\t\t<\/span>\n\t\t\t\t\t<\/button>\n\t\t\t\t<\/div>\n\t\t\t<\/div>\n\t\t<input type=\"hidden\" name=\"trp-form-language\" value=\"en\"\/><\/form>\n\t\t\t\t\t\t<\/div>\n\t\t\t\t<\/div>\n\t\t\t\t\t<\/div>\n\t\t<\/div>\n\t\t\t\t\t<\/div>\n\t\t<\/section>\n\t\t\t\t<\/div>","protected":false},"excerpt":{"rendered":"<p>Dijital Pazarlama Bilgi Formu L\u00fctfen formdaki t\u00fcm gerekli alanlar\u0131 eksiksiz doldurun. Uzmanlar\u0131m\u0131z k\u0131sa s\u00fcre i\u00e7inde sizinle ileti\u015fime ge\u00e7ecek.<\/p>","protected":false},"author":3,"featured_media":0,"parent":0,"menu_order":0,"comment_status":"closed","ping_status":"closed","template":"","meta":{"footnotes":""},"class_list":["post-3030","page","type-page","status-publish","hentry"],"_links":{"self":[{"href":"https:\/\/brandaft.com\/en\/wp-json\/wp\/v2\/pages\/3030","targetHints":{"allow":["GET"]}}],"collection":[{"href":"https:\/\/brandaft.com\/en\/wp-json\/wp\/v2\/pages"}],"about":[{"href":"https:\/\/brandaft.com\/en\/wp-json\/wp\/v2\/types\/page"}],"author":[{"embeddable":true,"href":"https:\/\/brandaft.com\/en\/wp-json\/wp\/v2\/users\/3"}],"replies":[{"embeddable":true,"href":"https:\/\/brandaft.com\/en\/wp-json\/wp\/v2\/comments?post=3030"}],"version-history":[{"count":0,"href":"https:\/\/brandaft.com\/en\/wp-json\/wp\/v2\/pages\/3030\/revisions"}],"wp:attachment":[{"href":"https:\/\/brandaft.com\/en\/wp-json\/wp\/v2\/media?parent=3030"}],"curies":[{"name":"wp","href":"https:\/\/api.w.org\/{rel}","templated":true}]}}